{"id":32,"date":"2015-10-19T16:42:30","date_gmt":"2015-10-19T14:42:30","guid":{"rendered":"http:\/\/www.annablog.ch\/?page_id=32"},"modified":"2024-08-23T10:32:34","modified_gmt":"2024-08-23T08:32:34","slug":"about","status":"publish","type":"page","link":"https:\/\/www.annablog.ch\/index.php\/about\/","title":{"rendered":"About"},"content":{"rendered":"<p><div class=\"infobox-right\">\u00ab<b>analog<\/b> [ana\u02c8lo\u02d0k] - Bedeutungen:<br>[1] allgemein: \u00e4hnlich, entsprechend, gleichartig, vergleichbar<br>[2] Technik, Physik, Informatik: <b>stufenlos, kontinuierlich, stetig \u2013 im Gegensatz zu digital<\/b>\u00bb (<a href=\"https:\/\/de.wiktionary.org\/wiki\/analog\" target=\"_blank\">Wiktionary<\/a>)<\/div>Auf&nbsp;A(n)na(b)log.ch erz\u00e4hle&nbsp;ich von&nbsp;meinen Erlebnissen rund um den Erdball. Wenn du meinem Blog folgen m\u00f6chtest, kannst du dich in der Sidebar rechts&nbsp;per&nbsp;RSS-Feed <a class=\"synved-social-button synved-social-button-follow synved-social-size-24 synved-social-resolution-single synved-social-provider-rss nolightbox\" title=\"RSS-Feed abonnieren\" href=\"http:\/\/www.annablog.ch\/index.php\/feed\/\" target=\"_blank\" rel=\"nofollow noopener\" data-provider=\"rss\"><img loading=\"lazy\" src=\"http:\/\/www.annablog.ch\/wp-content\/plugins\/social-media-feather\/synved-social\/image\/social\/regular\/48x48\/rss.png\" class=\"alignnone synved-share-image synved-social-image synved-social-image-follow\" title=\"RSS-Feed abonnieren\" alt=\"rss\" width=\"24\" height=\"24\"><\/a>&nbsp;oder per E-Mail&nbsp;abonnieren.<\/p>\n<p><em>Ich&nbsp;w\u00fcnsche gute Unterhaltung mit&nbsp;A(n)na(b)log &#8211; herzlich,&nbsp;Susanne (anna) Bernard<\/em><\/p>\n<p>&nbsp;<\/p>\n<h4>\u00dcber mich:<\/h4>\n<div id=\"attachment_381\" style=\"width: 414px\" class=\"wp-caption alignright\"><img aria-describedby=\"caption-attachment-381\" loading=\"lazy\" src=\"http:\/\/www.annablog.ch\/wp-content\/uploads\/2015\/10\/MePierre-e1448385576120-404x238.jpg\" class=\"size-medium wp-image-381\" width=\"404\" height=\"238\" alt=\"Susanne &#038; Pierre vor dem Taj Mahal\" srcset=\"https:\/\/www.annablog.ch\/wp-content\/uploads\/2015\/10\/MePierre-e1448385576120-404x238.jpg 404w, https:\/\/www.annablog.ch\/wp-content\/uploads\/2015\/10\/MePierre-e1448385576120.jpg 1251w\" sizes=\"(max-width: 404px) 100vw, 404px\" \/><p id=\"caption-attachment-381\" class=\"wp-caption-text\">Susanne &amp; Pierre vor dem Taj Mahal, Agra, Indien (Aug. 2015)<\/p><\/div>\n<p>&nbsp;<\/p>\n<p>Ich&nbsp;lebe&nbsp;in der N\u00e4he von Z\u00fcrich, zusammen mit meinem Mann Pierre. Wir reisen gerne, Pierre fotografiert, ich filme. Dies&nbsp;\u00fcber und&nbsp;unter Wasser, denn Tauchen geh\u00f6rt seit ein paar Jahren auch zu unseren&nbsp;Hobbys.<\/p>\n<p>Was Computer und Technik angeht, bin ich ein bisschen ein \u00abFreak\u00bb. Das&nbsp;Wordpress-Template f\u00fcr A(n)na(b)log habe ich zum Beispiel selber entwickelt.<\/p>\n<p>Diesen Blog betreibe ich hobbym\u00e4ssig. Mehr zu meinem beruflichen Hintergrund und wie du mich kontaktieren kannst, erf\u00e4hrst du auf meiner&nbsp;meiner <a href=\"http:\/\/www.bernard-web.com\/susanne\/\" target=\"_blank\" rel=\"noopener\">Lebenslauf-\/Portfolio-Seite<\/a>.<\/p>\n","protected":false},"excerpt":{"rendered":"<p>Auf&nbsp;A(n)na(b)log.ch erz\u00e4hle&nbsp;ich von&nbsp;meinen Erlebnissen rund um den Erdball. Wenn du meinem Blog folgen m\u00f6chtest, kannst du dich in der Sidebar rechts&nbsp;per&nbsp;RSS-Feed &nbsp;oder [&hellip;]<\/p>\n","protected":false},"author":1,"featured_media":0,"parent":0,"menu_order":0,"comment_status":"closed","ping_status":"closed","template":"","meta":{"spay_email":""},"acf":[],"jetpack_shortlink":"https:\/\/wp.me\/P6Rqtf-w","_links":{"self":[{"href":"https:\/\/www.annablog.ch\/index.php\/wp-json\/wp\/v2\/pages\/32"}],"collection":[{"href":"https:\/\/www.annablog.ch\/index.php\/wp-json\/wp\/v2\/pages"}],"about":[{"href":"https:\/\/www.annablog.ch\/index.php\/wp-json\/wp\/v2\/types\/page"}],"author":[{"embeddable":true,"href":"https:\/\/www.annablog.ch\/index.php\/wp-json\/wp\/v2\/users\/1"}],"replies":[{"embeddable":true,"href":"https:\/\/www.annablog.ch\/index.php\/wp-json\/wp\/v2\/comments?post=32"}],"version-history":[{"count":64,"href":"https:\/\/www.annablog.ch\/index.php\/wp-json\/wp\/v2\/pages\/32\/revisions"}],"predecessor-version":[{"id":2074,"href":"https:\/\/www.annablog.ch\/index.php\/wp-json\/wp\/v2\/pages\/32\/revisions\/2074"}],"wp:attachment":[{"href":"https:\/\/www.annablog.ch\/index.php\/wp-json\/wp\/v2\/media?parent=32"}],"curies":[{"name":"wp","href":"https:\/\/api.w.org\/{rel}","templated":true}]}}