{"id":506,"date":"2015-11-27T15:57:10","date_gmt":"2015-11-27T14:57:10","guid":{"rendered":"http:\/\/www.annablog.ch\/?page_id=506"},"modified":"2015-11-27T16:08:54","modified_gmt":"2015-11-27T15:08:54","slug":"karte","status":"publish","type":"page","link":"https:\/\/www.annablog.ch\/index.php\/karte\/","title":{"rendered":"Karte"},"content":{"rendered":"<div class=\"page-map\"><div class=\"marker\" data-lat=\"26.4520248\" data-lng=\"-81.94814500000001\"><a style=\"display:block;text-align:center;\" href=\"https:\/\/www.annablog.ch\/index.php\/2017\/02\/12\/amerikas-gestortes-verhaltnis-zu-kase\/\">Amerikas gest\u00f6rtes Verh\u00e4ltnis zu K\u00e4se<\/a><\/div><div class=\"marker\" data-lat=\"28.55616239999999\" data-lng=\"77.09995779999997\"><a style=\"display:block;text-align:center;\" href=\"https:\/\/www.annablog.ch\/index.php\/2016\/05\/27\/einreise-formalitaten-burokratie-indischer-art\/\">Einreise-Formalit\u00e4ten: B\u00fcrokratie indischer Art<\/a><\/div><div class=\"marker\" data-lat=\"-2.998723699999999\" data-lng=\"37.98556210000004\"><a style=\"display:block;text-align:center;\" href=\"https:\/\/www.annablog.ch\/index.php\/2016\/04\/29\/safari-kenia-vorsicht-vor-den-vegetariern\/\">Safari in Kenia: Vorsicht vor den Vegetariern!<\/a><\/div><div class=\"marker\" data-lat=\"25.53655520719467\" data-lng=\"34.64268155029299\"><a style=\"display:block;text-align:center;\" href=\"https:\/\/www.annablog.ch\/index.php\/2016\/04\/20\/begabter-verwandlungskunstler-der-oktopus\/\">Begabter Verwandlungsk\u00fcnstler: der Oktopus<\/a><\/div><div class=\"marker\" data-lat=\"4.189584159437253\" data-lng=\"73.53263139724731\"><a style=\"display:block;text-align:center;\" href=\"https:\/\/www.annablog.ch\/index.php\/2016\/04\/01\/schwerwiegende-probleme-im-wasserflugzeug\/\">Schwerwiegende Probleme im Wasserflugzeug<\/a><\/div><div class=\"marker\" data-lat=\"28.351827\" data-lng=\"-81.575178\"><a style=\"display:block;text-align:center;\" href=\"https:\/\/www.annablog.ch\/index.php\/2016\/03\/23\/schnee-in-florida\/\">Schnee in Florida?<\/a><\/div><div class=\"marker\" data-lat=\"26.9155302\" data-lng=\"75.80999320000001\"><a style=\"display:block;text-align:center;\" href=\"https:\/\/www.annablog.ch\/index.php\/2016\/03\/08\/nichts-und-doch-viel-verstehen-ein-kinobesuch-indien\/\">Nichts und doch viel verstehen &#8211; ein Kinobesuch in Indien<\/a><\/div><div class=\"marker\" data-lat=\"17.315571\" data-lng=\"-87.5345135\"><a style=\"display:block;text-align:center;\" href=\"https:\/\/www.annablog.ch\/index.php\/2016\/02\/22\/the-circle-of-marine-life\/\">The Circle of (Marine) Life<\/a><\/div><div class=\"marker\" data-lat=\"-1.4214717444078466\" data-lng=\"34.940012647265576\"><a style=\"display:block;text-align:center;\" href=\"https:\/\/www.annablog.ch\/index.php\/2016\/02\/14\/kenia-dickhauter-mit-verkurztem-russel\/\">Kenia: Dickh\u00e4uter mit verk\u00fcrztem R\u00fcssel<\/a><\/div><div class=\"marker\" data-lat=\"34.10151310835556\" data-lng=\"-118.34042429924011\"><a style=\"display:block;text-align:center;\" href=\"https:\/\/www.annablog.ch\/index.php\/2016\/02\/08\/hollywood-stern-verleihung-mit-star-sternchen\/\">Hollywood: Stern-Verleihung mit Star &#038; Sternchen<\/a><\/div><div class=\"marker\" data-lat=\"28.6139391\" data-lng=\"77.20902120000005\"><a style=\"display:block;text-align:center;\" href=\"https:\/\/www.annablog.ch\/index.php\/2016\/01\/29\/breaking-news-zwiebelpreis\/\">Breaking News: der Zwiebelpreis schiesst ins Kraut<\/a><\/div><div class=\"marker\" data-lat=\"19.309857928695543\" data-lng=\"-81.40600714462892\"><a style=\"display:block;text-align:center;\" href=\"https:\/\/www.annablog.ch\/index.php\/2016\/01\/22\/tauchen-und-biken-gleichzeitig\/\">Tauchen und Biken &#8211; gleichzeitig<\/a><\/div><div class=\"marker\" data-lat=\"10.6617016\" data-lng=\"-61.51944309999999\"><a style=\"display:block;text-align:center;\" href=\"https:\/\/www.annablog.ch\/index.php\/2016\/01\/13\/packli-nach-trinidad-tobago\/\">Ein P\u00e4ckli nach Trinidad &#038; Tobago<\/a><\/div><div class=\"marker\" data-lat=\"26.91539473469359\" data-lng=\"70.94437173148799\"><a style=\"display:block;text-align:center;\" href=\"https:\/\/www.annablog.ch\/index.php\/2016\/01\/04\/picture-with-you\/\">\u00abPicture with you?\u00bb: Der Tourist als Fotomotiv in Indien<\/a><\/div><div class=\"marker\" data-lat=\"47.36353667506827\" data-lng=\"8.542470932006836\"><a style=\"display:block;text-align:center;\" href=\"https:\/\/www.annablog.ch\/index.php\/2015\/12\/28\/im-luftschiff-uber-dem-zurichsee\/\">Im Luftschiff \u00fcber dem Z\u00fcrichsee<\/a><\/div><div class=\"marker\" data-lat=\"41.008902\" data-lng=\"28.976804000000016\"><a style=\"display:block;text-align:center;\" href=\"https:\/\/www.annablog.ch\/index.php\/2015\/12\/21\/cat-stantinopel-katze-im-solarium\/\">\u00abCat-stantinopel\u00bb: Katze im Solarium<\/a><\/div><div class=\"marker\" data-lat=\"45.46418413437676\" data-lng=\"9.19046737829592\"><a style=\"display:block;text-align:center;\" href=\"https:\/\/www.annablog.ch\/index.php\/2015\/12\/14\/mailander-dom-was-macht-die-freiheitsstatue-da\/\">Mail\u00e4nder Dom: Was macht die Freiheitsstatue da?<\/a><\/div><div class=\"marker\" data-lat=\"3.2138169\" data-lng=\"73.03683819999992\"><a style=\"display:block;text-align:center;\" href=\"https:\/\/www.annablog.ch\/index.php\/2015\/12\/07\/krebse-kreative-hauschen\/\">Krebse mit kreativen H\u00e4uschen<\/a><\/div><div class=\"marker\" data-lat=\"40.77814\" data-lng=\"-73.953978\"><a style=\"display:block;text-align:center;\" href=\"https:\/\/www.annablog.ch\/index.php\/2015\/11\/29\/alle-wollen-annie-sein\/\">Alle wollen \u00abAnnie\u00bb sein<\/a><\/div><div class=\"marker\" data-lat=\"26.916284429163\" data-lng=\"70.91340831062007\"><a style=\"display:block;text-align:center;\" href=\"https:\/\/www.annablog.ch\/index.php\/2015\/11\/18\/nicht-breiter-als-eine-kuh\/\">Nicht breiter als eine Kuh<\/a><\/div><div class=\"marker\" data-lat=\"17.760621080284338\" data-lng=\"-88.02555084228516\"><a style=\"display:block;text-align:center;\" href=\"https:\/\/www.annablog.ch\/index.php\/2015\/11\/11\/fernseher-gerettet\/\">Fernseher vor dem Ertrinken gerettet<\/a><\/div><div class=\"marker\" data-lat=\"-1.4065513\" data-lng=\"34.906551000000036\"><a style=\"display:block;text-align:center;\" href=\"https:\/\/www.annablog.ch\/index.php\/2015\/11\/04\/gross-katzen-wasche\/\">Gross-Katzen-W\u00e4sche<\/a><\/div><div class=\"marker\" data-lat=\"45.52063090223824\" data-lng=\"9.078906132202178\"><a style=\"display:block;text-align:center;\" href=\"https:\/\/www.annablog.ch\/index.php\/2015\/10\/28\/expo-milano-2015\/\">Expo Milano 2015: Alles Show?<\/a><\/div><\/div>\n<p>&nbsp;<\/p>\n<p>Klick auf den Marker, um eine Infobox mit Link zum Post zu \u00f6ffnen.<\/p>\n","protected":false},"excerpt":{"rendered":"<p>&nbsp; Klick auf den Marker, um eine Infobox mit Link zum Post zu \u00f6ffnen.<\/p>\n","protected":false},"author":1,"featured_media":0,"parent":0,"menu_order":0,"comment_status":"closed","ping_status":"closed","template":"","meta":{"spay_email":""},"acf":[],"jetpack_shortlink":"https:\/\/wp.me\/P6Rqtf-8a","_links":{"self":[{"href":"https:\/\/www.annablog.ch\/index.php\/wp-json\/wp\/v2\/pages\/506"}],"collection":[{"href":"https:\/\/www.annablog.ch\/index.php\/wp-json\/wp\/v2\/pages"}],"about":[{"href":"https:\/\/www.annablog.ch\/index.php\/wp-json\/wp\/v2\/types\/page"}],"author":[{"embeddable":true,"href":"https:\/\/www.annablog.ch\/index.php\/wp-json\/wp\/v2\/users\/1"}],"replies":[{"embeddable":true,"href":"https:\/\/www.annablog.ch\/index.php\/wp-json\/wp\/v2\/comments?post=506"}],"version-history":[{"count":8,"href":"https:\/\/www.annablog.ch\/index.php\/wp-json\/wp\/v2\/pages\/506\/revisions"}],"predecessor-version":[{"id":514,"href":"https:\/\/www.annablog.ch\/index.php\/wp-json\/wp\/v2\/pages\/506\/revisions\/514"}],"wp:attachment":[{"href":"https:\/\/www.annablog.ch\/index.php\/wp-json\/wp\/v2\/media?parent=506"}],"curies":[{"name":"wp","href":"https:\/\/api.w.org\/{rel}","templated":true}]}}